{"id":2086,"date":"2016-09-30T09:11:42","date_gmt":"2016-09-30T08:11:42","guid":{"rendered":"https:\/\/rockylinux.jibena.lan\/mag\/?page_id=2086"},"modified":"2025-08-26T09:31:12","modified_gmt":"2025-08-26T07:31:12","slug":"les-conditions","status":"publish","type":"page","link":"https:\/\/www.chassimages.com\/index.php\/les-conditions\/","title":{"rendered":"Les conditions"},"content":{"rendered":"<h5 style=\"text-align: justify;\"><span style=\"color: #d21214;\"><strong>La Cote de l&rsquo;Occasion Chasseur d&rsquo;Images<\/strong><\/span> <span style=\"color: #333333;\">a pour but de<span style=\"color: #d21214;\">\u00a0<strong>rechercher le juste prix<\/strong><\/span> du mat\u00e9riel photo d&rsquo;occasion, celui qui pr\u00e9serve \u00e0 la fois les int\u00e9r\u00eats du vendeur et de l&rsquo;acheteur, en permettant de proposer le mat\u00e9riel revendu \u00e0 <strong>un prix suffisament attractif par rapport au march\u00e9 neuf actuel.<\/strong><\/span><\/h5>\n<h5 style=\"text-align: justify;\"><span style=\"color: #333333;\">Un mat\u00e9riel d&rsquo;occasion n&rsquo;est plus, par d\u00e9finition, un mat\u00e9riel neuf;<strong> il est donc normal qu&rsquo;il pr\u00e9sente des traces de d\u00e9ballage ou d&rsquo;utilisation<\/strong>, li\u00e9es \u00e0 l&rsquo;usage qui en a \u00e9t\u00e9 fait.<\/span><br \/>\n<span style=\"color: #333333;\">C&rsquo;est la raison pour laquelle<span style=\"color: #d21214;\"> <strong>la Cote de l&rsquo;Occasion Chasseur d&rsquo;Images n&rsquo;est pas index\u00e9e sur le prix d&rsquo;achat initial<\/strong><\/span> ni sur l&rsquo;\u00e2ge du mat\u00e9riel, mais sur son \u00e9tat : aspect ext\u00e9rieur, traces d&rsquo;usage, nombre de vues, etc.<\/span><\/h5>\n<h5><strong>La Cote de l&rsquo;Occasion est un outil vivant,<\/strong> soumis aux al\u00e9as du march\u00e9, aux lois de l&rsquo;offre et de la demande, de l&rsquo;apparition de nouveaut\u00e9s, etc. A ce titre, elle est r\u00e9guli\u00e8rement remani\u00e9e et remise \u00e0 jour. Mais \u00e0 ce titre, c&rsquo;est aussi un outil n\u00e9cessairement imparfait.<br \/>\n<span style=\"color: #ff0000;\"><strong>S&rsquo;il vous arrive de d\u00e9tecter une anomalie<\/strong><\/span>, n&rsquo;h\u00e9sitez pas \u00e0\u00a0 la signaler: votre message sera tr\u00e8s rapidement pris en compte. Pour cela, envoyez un mail \u00e0 <strong>redaction<\/strong><em>@<\/em><span style=\"color: #666699;\"><strong>chassimages.com<\/strong><\/span> en indiquant tr\u00e8s pr\u00e9cis\u00e9ment la r\u00e9f\u00e9rence exacte du mat\u00e9riel concern\u00e9, le prix argus auquel il appara\u00eet dans la Cote de l&rsquo;Occasion et le prix auquel vous esp\u00e9riez le trouver. Votre aide nous sera pr\u00e9cieuse.<br \/>\nSi un ajustement s&rsquo;impose, il sera effectu\u00e9 aussit\u00f4t<\/h5>\n<h5 style=\"text-align: justify;\">Les crit\u00e8res d\u00e9finissant l&rsquo;\u00e9tat du mat\u00e9riel, donc sa valeur occasion, sont les suivants:<\/h5>\n<h5 style=\"text-align: justify;\">Mat\u00e9riel pr\u00e9sentant des traces d\u2019usage ou sans l\u2019emballage d\u2019origine, mais en bon \u00e9tat de fonctionnement et avec les accessoires indispensables \u00e0 son fonctionnement.<\/h5>\n<h5 style=\"text-align: justify;\">Mat\u00e9riel sans trace de choc, sans rayure importante ni usure marqu\u00e9e. Avec les accessoires vitaux indispensables \u00e0 son fonctionnement et facture.<\/h5>\n<h5 style=\"text-align: justify;\">Mat\u00e9riel d\u2019occasion proche de l\u2019\u00e9tat neuf, tr\u00e8s r\u00e9cent ou ayant \u00e9t\u00e9 tr\u00e8s peu utilis\u00e9 et sans trace d&rsquo;utilisation. Avec emballage d\u2019origine, tous les accessoires d&rsquo;origine et facture.<\/h5>\n<p>&nbsp;<\/p>\n","protected":false},"excerpt":{"rendered":"<p>La Cote de l&rsquo;Occasion Chasseur d&rsquo;Images a pour but de\u00a0rechercher le juste prix du mat\u00e9riel photo d&rsquo;occasion, celui qui pr\u00e9serve \u00e0 la fois les int\u00e9r\u00eats du vendeur et de l&rsquo;acheteur, en permettant de proposer le mat\u00e9riel revendu \u00e0 un prix suffisament attractif par rapport au march\u00e9 neuf actuel. Un mat\u00e9riel d&rsquo;occasion n&rsquo;est plus, par d\u00e9finition, [&hellip;]<\/p>\n","protected":false},"author":4,"featured_media":0,"parent":0,"menu_order":61,"comment_status":"closed","ping_status":"closed","template":"","meta":{"_et_pb_use_builder":"","_et_pb_old_content":"","_et_gb_content_width":"","footnotes":""},"class_list":["post-2086","page","type-page","status-publish","hentry"],"yoast_head":"<!-- This site is optimized with the Yoast SEO plugin v27.2 - https:\/\/yoast.com\/product\/yoast-seo-wordpress\/ -->\n<title>Les conditions - Chassimages<\/title>\n<meta name=\"robots\" content=\"index, follow, max-snippet:-1, max-image-preview:large, max-video-preview:-1\" \/>\n<link rel=\"canonical\" href=\"https:\/\/www.chassimages.com\/index.php\/les-conditions\/\" \/>\n<meta property=\"og:locale\" content=\"fr_FR\" \/>\n<meta property=\"og:type\" content=\"article\" \/>\n<meta property=\"og:title\" content=\"Les conditions - Chassimages\" \/>\n<meta property=\"og:description\" content=\"La Cote de l&rsquo;Occasion Chasseur d&rsquo;Images a pour but de\u00a0rechercher le juste prix du mat\u00e9riel photo d&rsquo;occasion, celui qui pr\u00e9serve \u00e0 la fois les int\u00e9r\u00eats du vendeur et de l&rsquo;acheteur, en permettant de proposer le mat\u00e9riel revendu \u00e0 un prix suffisament attractif par rapport au march\u00e9 neuf actuel. Un mat\u00e9riel d&rsquo;occasion n&rsquo;est plus, par d\u00e9finition, [&hellip;]\" \/>\n<meta property=\"og:url\" content=\"https:\/\/www.chassimages.com\/index.php\/les-conditions\/\" \/>\n<meta property=\"og:site_name\" content=\"Chassimages\" \/>\n<meta property=\"article:publisher\" content=\"https:\/\/www.facebook.com\/chasseurimages\/\" \/>\n<meta property=\"article:modified_time\" content=\"2025-08-26T07:31:12+00:00\" \/>\n<meta name=\"twitter:card\" content=\"summary_large_image\" \/>\n<meta name=\"twitter:label1\" content=\"Dur\u00e9e de lecture estim\u00e9e\" \/>\n\t<meta name=\"twitter:data1\" content=\"2 minutes\" \/>\n<script type=\"application\/ld+json\" class=\"yoast-schema-graph\">{\"@context\":\"https:\/\/schema.org\",\"@graph\":[{\"@type\":\"WebPage\",\"@id\":\"https:\/\/www.chassimages.com\/index.php\/les-conditions\/\",\"url\":\"https:\/\/www.chassimages.com\/index.php\/les-conditions\/\",\"name\":\"Les conditions - Chassimages\",\"isPartOf\":{\"@id\":\"https:\/\/www.chassimages.com\/#website\"},\"datePublished\":\"2016-09-30T08:11:42+00:00\",\"dateModified\":\"2025-08-26T07:31:12+00:00\",\"breadcrumb\":{\"@id\":\"https:\/\/www.chassimages.com\/index.php\/les-conditions\/#breadcrumb\"},\"inLanguage\":\"fr-FR\",\"potentialAction\":[{\"@type\":\"ReadAction\",\"target\":[\"https:\/\/www.chassimages.com\/index.php\/les-conditions\/\"]}]},{\"@type\":\"BreadcrumbList\",\"@id\":\"https:\/\/www.chassimages.com\/index.php\/les-conditions\/#breadcrumb\",\"itemListElement\":[{\"@type\":\"ListItem\",\"position\":1,\"name\":\"Accueil\",\"item\":\"https:\/\/www.chassimages.com\/\"},{\"@type\":\"ListItem\",\"position\":2,\"name\":\"Les conditions\"}]},{\"@type\":\"WebSite\",\"@id\":\"https:\/\/www.chassimages.com\/#website\",\"url\":\"https:\/\/www.chassimages.com\/\",\"name\":\"Chassimages\",\"description\":\"\",\"publisher\":{\"@id\":\"https:\/\/www.chassimages.com\/#organization\"},\"potentialAction\":[{\"@type\":\"SearchAction\",\"target\":{\"@type\":\"EntryPoint\",\"urlTemplate\":\"https:\/\/www.chassimages.com\/?s={search_term_string}\"},\"query-input\":{\"@type\":\"PropertyValueSpecification\",\"valueRequired\":true,\"valueName\":\"search_term_string\"}}],\"inLanguage\":\"fr-FR\"},{\"@type\":\"Organization\",\"@id\":\"https:\/\/www.chassimages.com\/#organization\",\"name\":\"Editions JIBENA\",\"alternateName\":\"JIBENA\",\"url\":\"https:\/\/www.chassimages.com\/\",\"logo\":{\"@type\":\"ImageObject\",\"inLanguage\":\"fr-FR\",\"@id\":\"https:\/\/www.chassimages.com\/#\/schema\/logo\/image\/\",\"url\":\"https:\/\/www.chassimages.com\/mag\/wp-content\/uploads\/2024\/03\/images.jpg\",\"contentUrl\":\"https:\/\/www.chassimages.com\/mag\/wp-content\/uploads\/2024\/03\/images.jpg\",\"width\":396,\"height\":127,\"caption\":\"Editions JIBENA\"},\"image\":{\"@id\":\"https:\/\/www.chassimages.com\/#\/schema\/logo\/image\/\"},\"sameAs\":[\"https:\/\/www.facebook.com\/chasseurimages\/\",\"https:\/\/www.instagram.com\/chassimages\/\"]}]}<\/script>\n<!-- \/ Yoast SEO plugin. -->","yoast_head_json":{"title":"Les conditions - Chassimages","robots":{"index":"index","follow":"follow","max-snippet":"max-snippet:-1","max-image-preview":"max-image-preview:large","max-video-preview":"max-video-preview:-1"},"canonical":"https:\/\/www.chassimages.com\/index.php\/les-conditions\/","og_locale":"fr_FR","og_type":"article","og_title":"Les conditions - Chassimages","og_description":"La Cote de l&rsquo;Occasion Chasseur d&rsquo;Images a pour but de\u00a0rechercher le juste prix du mat\u00e9riel photo d&rsquo;occasion, celui qui pr\u00e9serve \u00e0 la fois les int\u00e9r\u00eats du vendeur et de l&rsquo;acheteur, en permettant de proposer le mat\u00e9riel revendu \u00e0 un prix suffisament attractif par rapport au march\u00e9 neuf actuel. Un mat\u00e9riel d&rsquo;occasion n&rsquo;est plus, par d\u00e9finition, [&hellip;]","og_url":"https:\/\/www.chassimages.com\/index.php\/les-conditions\/","og_site_name":"Chassimages","article_publisher":"https:\/\/www.facebook.com\/chasseurimages\/","article_modified_time":"2025-08-26T07:31:12+00:00","twitter_card":"summary_large_image","twitter_misc":{"Dur\u00e9e de lecture estim\u00e9e":"2 minutes"},"schema":{"@context":"https:\/\/schema.org","@graph":[{"@type":"WebPage","@id":"https:\/\/www.chassimages.com\/index.php\/les-conditions\/","url":"https:\/\/www.chassimages.com\/index.php\/les-conditions\/","name":"Les conditions - Chassimages","isPartOf":{"@id":"https:\/\/www.chassimages.com\/#website"},"datePublished":"2016-09-30T08:11:42+00:00","dateModified":"2025-08-26T07:31:12+00:00","breadcrumb":{"@id":"https:\/\/www.chassimages.com\/index.php\/les-conditions\/#breadcrumb"},"inLanguage":"fr-FR","potentialAction":[{"@type":"ReadAction","target":["https:\/\/www.chassimages.com\/index.php\/les-conditions\/"]}]},{"@type":"BreadcrumbList","@id":"https:\/\/www.chassimages.com\/index.php\/les-conditions\/#breadcrumb","itemListElement":[{"@type":"ListItem","position":1,"name":"Accueil","item":"https:\/\/www.chassimages.com\/"},{"@type":"ListItem","position":2,"name":"Les conditions"}]},{"@type":"WebSite","@id":"https:\/\/www.chassimages.com\/#website","url":"https:\/\/www.chassimages.com\/","name":"Chassimages","description":"","publisher":{"@id":"https:\/\/www.chassimages.com\/#organization"},"potentialAction":[{"@type":"SearchAction","target":{"@type":"EntryPoint","urlTemplate":"https:\/\/www.chassimages.com\/?s={search_term_string}"},"query-input":{"@type":"PropertyValueSpecification","valueRequired":true,"valueName":"search_term_string"}}],"inLanguage":"fr-FR"},{"@type":"Organization","@id":"https:\/\/www.chassimages.com\/#organization","name":"Editions JIBENA","alternateName":"JIBENA","url":"https:\/\/www.chassimages.com\/","logo":{"@type":"ImageObject","inLanguage":"fr-FR","@id":"https:\/\/www.chassimages.com\/#\/schema\/logo\/image\/","url":"https:\/\/www.chassimages.com\/mag\/wp-content\/uploads\/2024\/03\/images.jpg","contentUrl":"https:\/\/www.chassimages.com\/mag\/wp-content\/uploads\/2024\/03\/images.jpg","width":396,"height":127,"caption":"Editions JIBENA"},"image":{"@id":"https:\/\/www.chassimages.com\/#\/schema\/logo\/image\/"},"sameAs":["https:\/\/www.facebook.com\/chasseurimages\/","https:\/\/www.instagram.com\/chassimages\/"]}]}},"_links":{"self":[{"href":"https:\/\/www.chassimages.com\/index.php\/wp-json\/wp\/v2\/pages\/2086","targetHints":{"allow":["GET"]}}],"collection":[{"href":"https:\/\/www.chassimages.com\/index.php\/wp-json\/wp\/v2\/pages"}],"about":[{"href":"https:\/\/www.chassimages.com\/index.php\/wp-json\/wp\/v2\/types\/page"}],"author":[{"embeddable":true,"href":"https:\/\/www.chassimages.com\/index.php\/wp-json\/wp\/v2\/users\/4"}],"replies":[{"embeddable":true,"href":"https:\/\/www.chassimages.com\/index.php\/wp-json\/wp\/v2\/comments?post=2086"}],"version-history":[{"count":58,"href":"https:\/\/www.chassimages.com\/index.php\/wp-json\/wp\/v2\/pages\/2086\/revisions"}],"predecessor-version":[{"id":50297,"href":"https:\/\/www.chassimages.com\/index.php\/wp-json\/wp\/v2\/pages\/2086\/revisions\/50297"}],"wp:attachment":[{"href":"https:\/\/www.chassimages.com\/index.php\/wp-json\/wp\/v2\/media?parent=2086"}],"curies":[{"name":"wp","href":"https:\/\/api.w.org\/{rel}","templated":true}]}}