{"id":399,"date":"2016-04-08T15:12:13","date_gmt":"2016-04-08T14:12:13","guid":{"rendered":"http:\/\/www.photim-test.com\/wordpress\/?page_id=399"},"modified":"2024-02-15T09:27:20","modified_gmt":"2024-02-15T08:27:20","slug":"cote-occasion","status":"publish","type":"page","link":"https:\/\/www.chassimages.com\/index.php\/cote-occasion\/","title":{"rendered":"COTE OCCASION"},"content":{"rendered":"<p>&nbsp;<\/p>\n<h5 style=\"text-align: justify;\"><span style=\"color: #d21214;\"><strong>La Cote de l&rsquo;Occasion Chasseur d&rsquo;Images<\/strong><\/span> <span style=\"color: #333333;\">a pour but de<span style=\"color: #d21214;\">&nbsp;<strong>rechercher le juste prix<\/strong><\/span> du mat\u00e9riel photo d&rsquo;occasion, celui qui pr\u00e9serve \u00e0 la fois les int\u00e9r\u00eats du vendeur et de l&rsquo;acheteur, en permettant de proposer le mat\u00e9riel revendu \u00e0 <strong>un prix suffisament attractif par rapport au march\u00e9 neuf actuel.<\/strong><\/span><\/h5>\n<h5 style=\"text-align: justify;\"><span style=\"color: #333333;\">Un mat\u00e9riel d&rsquo;occasion n&rsquo;est plus, par d\u00e9finition, un mat\u00e9riel neuf ;<strong> il est donc normal qu&rsquo;il pr\u00e9sente des traces de d\u00e9ballage ou d&rsquo;utilisation<\/strong>, li\u00e9es \u00e0 l&rsquo;usage qui en a \u00e9t\u00e9 fait.<\/span><br \/><span style=\"color: #333333;\">C&rsquo;est la raison pour laquelle<span style=\"color: #d21214;\"> <strong>la Cote de l&rsquo;Occasion Chasseur d&rsquo;Images n&rsquo;est pas index\u00e9e sur le prix d&rsquo;achat initial<\/strong><\/span> ni sur l&rsquo;\u00e2ge du mat\u00e9riel, mais sur son \u00e9tat : aspect ext\u00e9rieur, traces d&rsquo;usage, nombre de vues, etc.<\/span><\/h5>\n<table style=\"width: 100%; margin-top: 50px; border: 0px;\">\n<tbody>\n<tr>\n<td style=\"width: 50%; text-align: center;\"><a class=\"btn btn-primary btn-sg \" style=\"text-decoration: none;\" role=\"button\" href=\"\/index.php\/les-conditions\/\">Les conditions<\/a><\/td>\n<td style=\"width: 50%; text-align: center;\"><a class=\"btn btn-warning btn-sg \" style=\"text-decoration: none;\" role=\"button\" href=\"\/index.php\/argus-photos-tous-les-prix\/\">Tous les prix<\/a><\/td>\n<\/tr>\n<\/tbody>\n<\/table>\n","protected":false},"excerpt":{"rendered":"<p>&nbsp;La Cote de l&rsquo;Occasion Chasseur d&rsquo;Images a pour but de&nbsp;rechercher le juste prix du mat\u00e9riel photo d&rsquo;occasion, celui qui pr\u00e9serve \u00e0 la fois les int\u00e9r\u00eats du vendeur et de l&rsquo;acheteur, en permettant de proposer le mat\u00e9riel revendu \u00e0 un prix suffisament attractif par rapport au march\u00e9 neuf actuel.Un mat\u00e9riel d&rsquo;occasion n&rsquo;est plus, par d\u00e9finition, un [&hellip;]<\/p>\n","protected":false},"author":1,"featured_media":0,"parent":0,"menu_order":80,"comment_status":"closed","ping_status":"closed","template":"","meta":{"_et_pb_use_builder":"on","_et_pb_old_content":"<p>&nbsp;<\/p><h5 style=\"text-align: justify;\"><span style=\"color: #d21214;\"><strong>La Cote de l'Occasion Chasseur d'Images<\/strong><\/span> <span style=\"color: #333333;\">a pour but de<span style=\"color: #d21214;\">&nbsp;<strong>rechercher le juste prix<\/strong><\/span> du mat\u00e9riel photo d'occasion, celui qui pr\u00e9serve \u00e0 la fois les int\u00e9r\u00eats du vendeur et de l'acheteur, en permettant de proposer le mat\u00e9riel revendu \u00e0 <strong>un prix suffisament attractif par rapport au march\u00e9 neuf actuel.<\/strong><\/span><\/h5><h5 style=\"text-align: justify;\"><span style=\"color: #333333;\">Un mat\u00e9riel d'occasion n'est plus, par d\u00e9finition, un mat\u00e9riel neuf ;<strong> il est donc normal qu'il pr\u00e9sente des traces de d\u00e9ballage ou d'utilisation<\/strong>, li\u00e9es \u00e0 l'usage qui en a \u00e9t\u00e9 fait.<\/span><br><span style=\"color: #333333;\">C'est la raison pour laquelle<span style=\"color: #d21214;\"> <strong>la Cote de l'Occasion Chasseur d'Images n'est pas index\u00e9e sur le prix d'achat initial<\/strong><\/span> ni sur l'\u00e2ge du mat\u00e9riel, mais sur son \u00e9tat : aspect ext\u00e9rieur, traces d'usage, nombre de vues, etc.<\/span><\/h5><table style=\"width: 100%; margin-top: 50px; border: 0px;\"><tbody><tr><td style=\"width: 50%; text-align: center;\"><a class=\"btn btn-primary btn-sg \" style=\"text-decoration: none;\" role=\"button\" href=\"\/index.php\/les-conditions\/\">Les conditions<\/a><\/td><td style=\"width: 50%; text-align: center;\"><a class=\"btn btn-warning btn-sg \" style=\"text-decoration: none;\" role=\"button\" href=\"\/index.php\/argus-photos-tous-les-prix\/\">Tous les prix<\/a><\/td><\/tr><\/tbody><\/table>","_et_gb_content_width":"","footnotes":""},"class_list":["post-399","page","type-page","status-publish","hentry"],"yoast_head":"<!-- This site is optimized with the Yoast SEO plugin v27.2 - https:\/\/yoast.com\/product\/yoast-seo-wordpress\/ -->\n<title>COTE OCCASION - Chassimages<\/title>\n<meta name=\"robots\" content=\"index, follow, max-snippet:-1, max-image-preview:large, max-video-preview:-1\" \/>\n<link rel=\"canonical\" href=\"https:\/\/www.chassimages.com\/index.php\/cote-occasion\/\" \/>\n<meta property=\"og:locale\" content=\"fr_FR\" \/>\n<meta property=\"og:type\" content=\"article\" \/>\n<meta property=\"og:title\" content=\"COTE OCCASION - Chassimages\" \/>\n<meta property=\"og:description\" content=\"&nbsp;La Cote de l&#039;Occasion Chasseur d&#039;Images a pour but de&nbsp;rechercher le juste prix du mat\u00e9riel photo d&#039;occasion, celui qui pr\u00e9serve \u00e0 la fois les int\u00e9r\u00eats du vendeur et de l&#039;acheteur, en permettant de proposer le mat\u00e9riel revendu \u00e0 un prix suffisament attractif par rapport au march\u00e9 neuf actuel.Un mat\u00e9riel d&#039;occasion n&#039;est plus, par d\u00e9finition, un [&hellip;]\" \/>\n<meta property=\"og:url\" content=\"https:\/\/www.chassimages.com\/index.php\/cote-occasion\/\" \/>\n<meta property=\"og:site_name\" content=\"Chassimages\" \/>\n<meta property=\"article:publisher\" content=\"https:\/\/www.facebook.com\/chasseurimages\/\" \/>\n<meta property=\"article:modified_time\" content=\"2024-02-15T08:27:20+00:00\" \/>\n<meta name=\"twitter:card\" content=\"summary_large_image\" \/>\n<meta name=\"twitter:label1\" content=\"Dur\u00e9e de lecture estim\u00e9e\" \/>\n\t<meta name=\"twitter:data1\" content=\"1 minute\" \/>\n<script type=\"application\/ld+json\" class=\"yoast-schema-graph\">{\"@context\":\"https:\/\/schema.org\",\"@graph\":[{\"@type\":\"WebPage\",\"@id\":\"https:\/\/www.chassimages.com\/index.php\/cote-occasion\/\",\"url\":\"https:\/\/www.chassimages.com\/index.php\/cote-occasion\/\",\"name\":\"COTE OCCASION - Chassimages\",\"isPartOf\":{\"@id\":\"https:\/\/www.chassimages.com\/#website\"},\"datePublished\":\"2016-04-08T14:12:13+00:00\",\"dateModified\":\"2024-02-15T08:27:20+00:00\",\"breadcrumb\":{\"@id\":\"https:\/\/www.chassimages.com\/index.php\/cote-occasion\/#breadcrumb\"},\"inLanguage\":\"fr-FR\",\"potentialAction\":[{\"@type\":\"ReadAction\",\"target\":[\"https:\/\/www.chassimages.com\/index.php\/cote-occasion\/\"]}]},{\"@type\":\"BreadcrumbList\",\"@id\":\"https:\/\/www.chassimages.com\/index.php\/cote-occasion\/#breadcrumb\",\"itemListElement\":[{\"@type\":\"ListItem\",\"position\":1,\"name\":\"Accueil\",\"item\":\"https:\/\/www.chassimages.com\/\"},{\"@type\":\"ListItem\",\"position\":2,\"name\":\"COTE OCCASION\"}]},{\"@type\":\"WebSite\",\"@id\":\"https:\/\/www.chassimages.com\/#website\",\"url\":\"https:\/\/www.chassimages.com\/\",\"name\":\"Chassimages\",\"description\":\"\",\"publisher\":{\"@id\":\"https:\/\/www.chassimages.com\/#organization\"},\"potentialAction\":[{\"@type\":\"SearchAction\",\"target\":{\"@type\":\"EntryPoint\",\"urlTemplate\":\"https:\/\/www.chassimages.com\/?s={search_term_string}\"},\"query-input\":{\"@type\":\"PropertyValueSpecification\",\"valueRequired\":true,\"valueName\":\"search_term_string\"}}],\"inLanguage\":\"fr-FR\"},{\"@type\":\"Organization\",\"@id\":\"https:\/\/www.chassimages.com\/#organization\",\"name\":\"Editions JIBENA\",\"alternateName\":\"JIBENA\",\"url\":\"https:\/\/www.chassimages.com\/\",\"logo\":{\"@type\":\"ImageObject\",\"inLanguage\":\"fr-FR\",\"@id\":\"https:\/\/www.chassimages.com\/#\/schema\/logo\/image\/\",\"url\":\"https:\/\/www.chassimages.com\/mag\/wp-content\/uploads\/2024\/03\/images.jpg\",\"contentUrl\":\"https:\/\/www.chassimages.com\/mag\/wp-content\/uploads\/2024\/03\/images.jpg\",\"width\":396,\"height\":127,\"caption\":\"Editions JIBENA\"},\"image\":{\"@id\":\"https:\/\/www.chassimages.com\/#\/schema\/logo\/image\/\"},\"sameAs\":[\"https:\/\/www.facebook.com\/chasseurimages\/\",\"https:\/\/www.instagram.com\/chassimages\/\"]}]}<\/script>\n<!-- \/ Yoast SEO plugin. -->","yoast_head_json":{"title":"COTE OCCASION - Chassimages","robots":{"index":"index","follow":"follow","max-snippet":"max-snippet:-1","max-image-preview":"max-image-preview:large","max-video-preview":"max-video-preview:-1"},"canonical":"https:\/\/www.chassimages.com\/index.php\/cote-occasion\/","og_locale":"fr_FR","og_type":"article","og_title":"COTE OCCASION - Chassimages","og_description":"&nbsp;La Cote de l'Occasion Chasseur d'Images a pour but de&nbsp;rechercher le juste prix du mat\u00e9riel photo d'occasion, celui qui pr\u00e9serve \u00e0 la fois les int\u00e9r\u00eats du vendeur et de l'acheteur, en permettant de proposer le mat\u00e9riel revendu \u00e0 un prix suffisament attractif par rapport au march\u00e9 neuf actuel.Un mat\u00e9riel d'occasion n'est plus, par d\u00e9finition, un [&hellip;]","og_url":"https:\/\/www.chassimages.com\/index.php\/cote-occasion\/","og_site_name":"Chassimages","article_publisher":"https:\/\/www.facebook.com\/chasseurimages\/","article_modified_time":"2024-02-15T08:27:20+00:00","twitter_card":"summary_large_image","twitter_misc":{"Dur\u00e9e de lecture estim\u00e9e":"1 minute"},"schema":{"@context":"https:\/\/schema.org","@graph":[{"@type":"WebPage","@id":"https:\/\/www.chassimages.com\/index.php\/cote-occasion\/","url":"https:\/\/www.chassimages.com\/index.php\/cote-occasion\/","name":"COTE OCCASION - Chassimages","isPartOf":{"@id":"https:\/\/www.chassimages.com\/#website"},"datePublished":"2016-04-08T14:12:13+00:00","dateModified":"2024-02-15T08:27:20+00:00","breadcrumb":{"@id":"https:\/\/www.chassimages.com\/index.php\/cote-occasion\/#breadcrumb"},"inLanguage":"fr-FR","potentialAction":[{"@type":"ReadAction","target":["https:\/\/www.chassimages.com\/index.php\/cote-occasion\/"]}]},{"@type":"BreadcrumbList","@id":"https:\/\/www.chassimages.com\/index.php\/cote-occasion\/#breadcrumb","itemListElement":[{"@type":"ListItem","position":1,"name":"Accueil","item":"https:\/\/www.chassimages.com\/"},{"@type":"ListItem","position":2,"name":"COTE OCCASION"}]},{"@type":"WebSite","@id":"https:\/\/www.chassimages.com\/#website","url":"https:\/\/www.chassimages.com\/","name":"Chassimages","description":"","publisher":{"@id":"https:\/\/www.chassimages.com\/#organization"},"potentialAction":[{"@type":"SearchAction","target":{"@type":"EntryPoint","urlTemplate":"https:\/\/www.chassimages.com\/?s={search_term_string}"},"query-input":{"@type":"PropertyValueSpecification","valueRequired":true,"valueName":"search_term_string"}}],"inLanguage":"fr-FR"},{"@type":"Organization","@id":"https:\/\/www.chassimages.com\/#organization","name":"Editions JIBENA","alternateName":"JIBENA","url":"https:\/\/www.chassimages.com\/","logo":{"@type":"ImageObject","inLanguage":"fr-FR","@id":"https:\/\/www.chassimages.com\/#\/schema\/logo\/image\/","url":"https:\/\/www.chassimages.com\/mag\/wp-content\/uploads\/2024\/03\/images.jpg","contentUrl":"https:\/\/www.chassimages.com\/mag\/wp-content\/uploads\/2024\/03\/images.jpg","width":396,"height":127,"caption":"Editions JIBENA"},"image":{"@id":"https:\/\/www.chassimages.com\/#\/schema\/logo\/image\/"},"sameAs":["https:\/\/www.facebook.com\/chasseurimages\/","https:\/\/www.instagram.com\/chassimages\/"]}]}},"_links":{"self":[{"href":"https:\/\/www.chassimages.com\/index.php\/wp-json\/wp\/v2\/pages\/399","targetHints":{"allow":["GET"]}}],"collection":[{"href":"https:\/\/www.chassimages.com\/index.php\/wp-json\/wp\/v2\/pages"}],"about":[{"href":"https:\/\/www.chassimages.com\/index.php\/wp-json\/wp\/v2\/types\/page"}],"author":[{"embeddable":true,"href":"https:\/\/www.chassimages.com\/index.php\/wp-json\/wp\/v2\/users\/1"}],"replies":[{"embeddable":true,"href":"https:\/\/www.chassimages.com\/index.php\/wp-json\/wp\/v2\/comments?post=399"}],"version-history":[{"count":125,"href":"https:\/\/www.chassimages.com\/index.php\/wp-json\/wp\/v2\/pages\/399\/revisions"}],"predecessor-version":[{"id":41743,"href":"https:\/\/www.chassimages.com\/index.php\/wp-json\/wp\/v2\/pages\/399\/revisions\/41743"}],"wp:attachment":[{"href":"https:\/\/www.chassimages.com\/index.php\/wp-json\/wp\/v2\/media?parent=399"}],"curies":[{"name":"wp","href":"https:\/\/api.w.org\/{rel}","templated":true}]}}