{"id":4202,"date":"2016-12-12T16:23:59","date_gmt":"2016-12-12T15:23:59","guid":{"rendered":"https:\/\/rockylinux.jibena.lan\/mag\/?page_id=4202"},"modified":"2023-02-06T16:06:40","modified_gmt":"2023-02-06T15:06:40","slug":"image-du-jour","status":"publish","type":"page","link":"https:\/\/www.chassimages.com\/index.php\/image-du-jour\/","title":{"rendered":"Image du Mois"},"content":{"rendered":"<article id=\"post-4480\" class=\"post-4480 post type-post status-publish format-aside has-post-thumbnail hentry category-imagejour post_format-post-format-aside\">\n<div class=\"td-post-header td-pb-padding-side\">\n<div class=\"entry-crumbs\"><a class=\"entry-crumb\" title=\"\" href=\"https:\/\/rockylinux.jibena.lan\/mag\/\">accueil<\/a> <i class=\"td-icon-right td-bread-sep\"><\/i> <a class=\"entry-crumb\" title=\"Voir tous les posts Image du Jour\" href=\"https:\/\/rockylinux.jibena.lan\/mag\/index.php\/category\/imagejour\/\">Image du Jour<\/a> <i class=\"td-icon-right td-bread-sep td-bred-no-url-last\"><\/i> <span class=\"td-bred-no-url-last\">L\u2019Image du jour<\/span><\/div>\n<ul class=\"td-category\">\n<li class=\"entry-category\"><a style=\"background-color: #1fb6c6; color: #fff; border-color: #1fb6c6;\" href=\"https:\/\/rockylinux.jibena.lan\/mag\/index.php\/category\/imagejour\/\">Image du Jour<\/a><\/li>\n<\/ul>\n<\/div>\n<\/article>\n<ol class=\"display-posts-listing\"><li class=\"listing-item\"><a class=\"title\" href=\"https:\/\/www.chassimages.com\/index.php\/2023\/09\/15\/image-du-mois-19-photo-selectionnee\/\">Image du mois<\/a> <span class=\"date\">(9\/15\/2023)<\/span> <span class=\"excerpt-dash\">-<\/span> <span class=\"excerpt\"><p>L\u2019auteur : Eve P.O\u00f9 la retrouver : dans la section \"Galerie Chasseur d'Images\"Chaque jour, la r\u00e9daction s\u00e9lectionne un coup de c\u0153ur parmi les images qui lui sont adress\u00e9espour publication ou pour avis : c'est l'Image du mois !<\/p>\n<\/span><div class=\"content\"><p><img loading=\"lazy\" decoding=\"async\" class=\"size-medium wp-image-40447 aligncenter\" src=\"https:\/\/rockylinux.jibena.lan\/mag\/wp-content\/uploads\/2023\/09\/Eve-P-300x200.png\" alt=\"\" width=\"300\" height=\"200\" srcset=\"https:\/\/www.chassimages.com\/mag\/wp-content\/uploads\/2023\/09\/Eve-P-300x200.png 300w, https:\/\/www.chassimages.com\/mag\/wp-content\/uploads\/2023\/09\/Eve-P-768x513.png 768w, https:\/\/www.chassimages.com\/mag\/wp-content\/uploads\/2023\/09\/Eve-P-600x401.png 600w, https:\/\/www.chassimages.com\/mag\/wp-content\/uploads\/2023\/09\/Eve-P-374x250.png 374w, https:\/\/www.chassimages.com\/mag\/wp-content\/uploads\/2023\/09\/Eve-P-202x135.png 202w, https:\/\/www.chassimages.com\/mag\/wp-content\/uploads\/2023\/09\/Eve-P-400x267.png 400w, https:\/\/www.chassimages.com\/mag\/wp-content\/uploads\/2023\/09\/Eve-P-283x189.png 283w, https:\/\/www.chassimages.com\/mag\/wp-content\/uploads\/2023\/09\/Eve-P-959x640.png 959w, https:\/\/www.chassimages.com\/mag\/wp-content\/uploads\/2023\/09\/Eve-P-563x376.png 563w, https:\/\/www.chassimages.com\/mag\/wp-content\/uploads\/2023\/09\/Eve-P-395x264.png 395w, https:\/\/www.chassimages.com\/mag\/wp-content\/uploads\/2023\/09\/Eve-P-440x294.png 440w, https:\/\/www.chassimages.com\/mag\/wp-content\/uploads\/2023\/09\/Eve-P-150x100.png 150w, https:\/\/www.chassimages.com\/mag\/wp-content\/uploads\/2023\/09\/Eve-P.png 1008w\" sizes=\"(max-width: 300px) 100vw, 300px\" \/><\/p>\n<p style=\"text-align: center;\"><strong>L\u2019auteur :<\/strong> <em>Eve P.<\/em><br \/><strong>O\u00f9 la retrouver :<\/strong> dans la section <em><strong>\u00ab\u00a0<a href=\"https:\/\/rockylinux.jibena.lan\/mag\/galerie\/index.php?\/category\/5\">Galerie Chasseur d&rsquo;Images<\/a>\u00ab\u00a0<\/strong><\/em><\/p>\n<p style=\"text-align: center;\"><strong>Chaque jour, la r\u00e9daction s\u00e9lectionne un coup de c\u0153ur parmi les images qui lui sont adress\u00e9es<\/strong><br \/><strong>pour publication ou pour avis : c&rsquo;est l<em>&lsquo;Image du mois !<\/em><br \/><\/strong><\/p>\n<\/div><\/li><\/ol>[td_block_big_grid_4 category_id=\u00a0\u00bb46&Prime;]\n","protected":false},"excerpt":{"rendered":"<p>L\u2019auteur : Eve P.O\u00f9 la retrouver : dans la section \u00ab\u00a0Galerie Chasseur d&rsquo;Images\u00a0\u00bbChaque jour, la r\u00e9daction s\u00e9lectionne un coup de c\u0153ur parmi les images qui lui sont adress\u00e9espour publication ou pour avis : c&rsquo;est l&rsquo;Image du mois !<\/p>\n","protected":false},"author":6,"featured_media":0,"parent":0,"menu_order":17,"comment_status":"closed","ping_status":"closed","template":"","meta":{"_et_pb_use_builder":"","_et_pb_old_content":"","_et_gb_content_width":"","footnotes":""},"class_list":["post-4202","page","type-page","status-publish","hentry"],"yoast_head":"<!-- This site is optimized with the Yoast SEO plugin v27.2 - https:\/\/yoast.com\/product\/yoast-seo-wordpress\/ -->\n<title>Image du Mois - Chassimages<\/title>\n<meta name=\"robots\" content=\"index, follow, max-snippet:-1, max-image-preview:large, max-video-preview:-1\" \/>\n<link rel=\"canonical\" href=\"https:\/\/www.chassimages.com\/index.php\/image-du-jour\/\" \/>\n<meta property=\"og:locale\" content=\"fr_FR\" \/>\n<meta property=\"og:type\" content=\"article\" \/>\n<meta property=\"og:title\" content=\"Image du Mois - Chassimages\" \/>\n<meta property=\"og:description\" content=\"L\u2019auteur : Eve P.O\u00f9 la retrouver : dans la section &quot;Galerie Chasseur d&#039;Images&quot;Chaque jour, la r\u00e9daction s\u00e9lectionne un coup de c\u0153ur parmi les images qui lui sont adress\u00e9espour publication ou pour avis : c&#039;est l&#039;Image du mois !\" \/>\n<meta property=\"og:url\" content=\"https:\/\/www.chassimages.com\/index.php\/image-du-jour\/\" \/>\n<meta property=\"og:site_name\" content=\"Chassimages\" \/>\n<meta property=\"article:publisher\" content=\"https:\/\/www.facebook.com\/chasseurimages\/\" \/>\n<meta property=\"article:modified_time\" content=\"2023-02-06T15:06:40+00:00\" \/>\n<meta name=\"twitter:card\" content=\"summary_large_image\" \/>\n<script type=\"application\/ld+json\" class=\"yoast-schema-graph\">{\"@context\":\"https:\/\/schema.org\",\"@graph\":[{\"@type\":\"WebPage\",\"@id\":\"https:\/\/www.chassimages.com\/index.php\/image-du-jour\/\",\"url\":\"https:\/\/www.chassimages.com\/index.php\/image-du-jour\/\",\"name\":\"Image du Mois - Chassimages\",\"isPartOf\":{\"@id\":\"https:\/\/www.chassimages.com\/#website\"},\"datePublished\":\"2016-12-12T15:23:59+00:00\",\"dateModified\":\"2023-02-06T15:06:40+00:00\",\"breadcrumb\":{\"@id\":\"https:\/\/www.chassimages.com\/index.php\/image-du-jour\/#breadcrumb\"},\"inLanguage\":\"fr-FR\",\"potentialAction\":[{\"@type\":\"ReadAction\",\"target\":[\"https:\/\/www.chassimages.com\/index.php\/image-du-jour\/\"]}]},{\"@type\":\"BreadcrumbList\",\"@id\":\"https:\/\/www.chassimages.com\/index.php\/image-du-jour\/#breadcrumb\",\"itemListElement\":[{\"@type\":\"ListItem\",\"position\":1,\"name\":\"Accueil\",\"item\":\"https:\/\/www.chassimages.com\/\"},{\"@type\":\"ListItem\",\"position\":2,\"name\":\"Image du Mois\"}]},{\"@type\":\"WebSite\",\"@id\":\"https:\/\/www.chassimages.com\/#website\",\"url\":\"https:\/\/www.chassimages.com\/\",\"name\":\"Chassimages\",\"description\":\"\",\"publisher\":{\"@id\":\"https:\/\/www.chassimages.com\/#organization\"},\"potentialAction\":[{\"@type\":\"SearchAction\",\"target\":{\"@type\":\"EntryPoint\",\"urlTemplate\":\"https:\/\/www.chassimages.com\/?s={search_term_string}\"},\"query-input\":{\"@type\":\"PropertyValueSpecification\",\"valueRequired\":true,\"valueName\":\"search_term_string\"}}],\"inLanguage\":\"fr-FR\"},{\"@type\":\"Organization\",\"@id\":\"https:\/\/www.chassimages.com\/#organization\",\"name\":\"Editions JIBENA\",\"alternateName\":\"JIBENA\",\"url\":\"https:\/\/www.chassimages.com\/\",\"logo\":{\"@type\":\"ImageObject\",\"inLanguage\":\"fr-FR\",\"@id\":\"https:\/\/www.chassimages.com\/#\/schema\/logo\/image\/\",\"url\":\"https:\/\/www.chassimages.com\/mag\/wp-content\/uploads\/2024\/03\/images.jpg\",\"contentUrl\":\"https:\/\/www.chassimages.com\/mag\/wp-content\/uploads\/2024\/03\/images.jpg\",\"width\":396,\"height\":127,\"caption\":\"Editions JIBENA\"},\"image\":{\"@id\":\"https:\/\/www.chassimages.com\/#\/schema\/logo\/image\/\"},\"sameAs\":[\"https:\/\/www.facebook.com\/chasseurimages\/\",\"https:\/\/www.instagram.com\/chassimages\/\"]}]}<\/script>\n<!-- \/ Yoast SEO plugin. -->","yoast_head_json":{"title":"Image du Mois - Chassimages","robots":{"index":"index","follow":"follow","max-snippet":"max-snippet:-1","max-image-preview":"max-image-preview:large","max-video-preview":"max-video-preview:-1"},"canonical":"https:\/\/www.chassimages.com\/index.php\/image-du-jour\/","og_locale":"fr_FR","og_type":"article","og_title":"Image du Mois - Chassimages","og_description":"L\u2019auteur : Eve P.O\u00f9 la retrouver : dans la section \"Galerie Chasseur d'Images\"Chaque jour, la r\u00e9daction s\u00e9lectionne un coup de c\u0153ur parmi les images qui lui sont adress\u00e9espour publication ou pour avis : c'est l'Image du mois !","og_url":"https:\/\/www.chassimages.com\/index.php\/image-du-jour\/","og_site_name":"Chassimages","article_publisher":"https:\/\/www.facebook.com\/chasseurimages\/","article_modified_time":"2023-02-06T15:06:40+00:00","twitter_card":"summary_large_image","schema":{"@context":"https:\/\/schema.org","@graph":[{"@type":"WebPage","@id":"https:\/\/www.chassimages.com\/index.php\/image-du-jour\/","url":"https:\/\/www.chassimages.com\/index.php\/image-du-jour\/","name":"Image du Mois - Chassimages","isPartOf":{"@id":"https:\/\/www.chassimages.com\/#website"},"datePublished":"2016-12-12T15:23:59+00:00","dateModified":"2023-02-06T15:06:40+00:00","breadcrumb":{"@id":"https:\/\/www.chassimages.com\/index.php\/image-du-jour\/#breadcrumb"},"inLanguage":"fr-FR","potentialAction":[{"@type":"ReadAction","target":["https:\/\/www.chassimages.com\/index.php\/image-du-jour\/"]}]},{"@type":"BreadcrumbList","@id":"https:\/\/www.chassimages.com\/index.php\/image-du-jour\/#breadcrumb","itemListElement":[{"@type":"ListItem","position":1,"name":"Accueil","item":"https:\/\/www.chassimages.com\/"},{"@type":"ListItem","position":2,"name":"Image du Mois"}]},{"@type":"WebSite","@id":"https:\/\/www.chassimages.com\/#website","url":"https:\/\/www.chassimages.com\/","name":"Chassimages","description":"","publisher":{"@id":"https:\/\/www.chassimages.com\/#organization"},"potentialAction":[{"@type":"SearchAction","target":{"@type":"EntryPoint","urlTemplate":"https:\/\/www.chassimages.com\/?s={search_term_string}"},"query-input":{"@type":"PropertyValueSpecification","valueRequired":true,"valueName":"search_term_string"}}],"inLanguage":"fr-FR"},{"@type":"Organization","@id":"https:\/\/www.chassimages.com\/#organization","name":"Editions JIBENA","alternateName":"JIBENA","url":"https:\/\/www.chassimages.com\/","logo":{"@type":"ImageObject","inLanguage":"fr-FR","@id":"https:\/\/www.chassimages.com\/#\/schema\/logo\/image\/","url":"https:\/\/www.chassimages.com\/mag\/wp-content\/uploads\/2024\/03\/images.jpg","contentUrl":"https:\/\/www.chassimages.com\/mag\/wp-content\/uploads\/2024\/03\/images.jpg","width":396,"height":127,"caption":"Editions JIBENA"},"image":{"@id":"https:\/\/www.chassimages.com\/#\/schema\/logo\/image\/"},"sameAs":["https:\/\/www.facebook.com\/chasseurimages\/","https:\/\/www.instagram.com\/chassimages\/"]}]}},"_links":{"self":[{"href":"https:\/\/www.chassimages.com\/index.php\/wp-json\/wp\/v2\/pages\/4202","targetHints":{"allow":["GET"]}}],"collection":[{"href":"https:\/\/www.chassimages.com\/index.php\/wp-json\/wp\/v2\/pages"}],"about":[{"href":"https:\/\/www.chassimages.com\/index.php\/wp-json\/wp\/v2\/types\/page"}],"author":[{"embeddable":true,"href":"https:\/\/www.chassimages.com\/index.php\/wp-json\/wp\/v2\/users\/6"}],"replies":[{"embeddable":true,"href":"https:\/\/www.chassimages.com\/index.php\/wp-json\/wp\/v2\/comments?post=4202"}],"version-history":[{"count":54,"href":"https:\/\/www.chassimages.com\/index.php\/wp-json\/wp\/v2\/pages\/4202\/revisions"}],"predecessor-version":[{"id":38071,"href":"https:\/\/www.chassimages.com\/index.php\/wp-json\/wp\/v2\/pages\/4202\/revisions\/38071"}],"wp:attachment":[{"href":"https:\/\/www.chassimages.com\/index.php\/wp-json\/wp\/v2\/media?parent=4202"}],"curies":[{"name":"wp","href":"https:\/\/api.w.org\/{rel}","templated":true}]}}